  {"id":8550,"date":"2015-06-05T11:04:52","date_gmt":"2015-06-05T19:04:52","guid":{"rendered":"https:\/\/www.makeafuture.ca\/ressources-pour-les-carrieres\/salary-finder\/"},"modified":"2021-09-28T21:56:55","modified_gmt":"2021-09-29T05:56:55","slug":"chercheur-de-salaire","status":"publish","type":"page","link":"https:\/\/www.makeafuture.ca\/fr\/ressources-pour-les-carrieres\/chercheur-de-salaire\/","title":{"rendered":"\u00c9chelles de salaires par disctrict"},"content":{"rendered":"<p>Visionnez les salaires par district et par r\u00e9gion:<\/p>\n","protected":false},"excerpt":{"rendered":"<p>Visionnez les salaires par district et par r\u00e9gion:<\/p>\n","protected":false},"author":2,"featured_media":0,"parent":8378,"menu_order":4,"comment_status":"open","ping_status":"open","template":"templates\/template-career-overview.php","meta":{"_acf_changed":false,"footnotes":""},"class_list":["post-8550","page","type-page","status-publish","hentry"],"acf":[],"yoast_head":"<!-- This site is optimized with the Yoast SEO Premium plugin v26.3 (Yoast SEO v27.0) - https:\/\/yoast.com\/product\/yoast-seo-premium-wordpress\/ -->\n<title>\u00c9chelles de salaires par disctrict | 海角乱伦社区<\/title>\n<meta name=\"description\" content=\"Une carri\u00e8re d&#039;enseignant ou de professionnel de l&#039;\u00e9ducation en Colombie-Britannique vous int\u00e9resse? Visionnez les \u00e9chelles salariales par district.\" \/>\n<meta name=\"robots\" content=\"index, follow, max-snippet:-1, max-image-preview:large, max-video-preview:-1\" \/>\n<link rel=\"canonical\" href=\"https:\/\/www.makeafuture.ca\/fr\/ressources-pour-les-carrieres\/chercheur-de-salaire\/\" \/>\n<meta property=\"og:locale\" content=\"fr_FR\" \/>\n<meta property=\"og:type\" content=\"article\" \/>\n<meta property=\"og:title\" content=\"\u00c9chelles de salaires par disctrict\" \/>\n<meta property=\"og:description\" content=\"Une carri\u00e8re d&#039;enseignant ou de professionnel de l&#039;\u00e9ducation en Colombie-Britannique vous int\u00e9resse? Visionnez les \u00e9chelles salariales par district.\" \/>\n<meta property=\"og:url\" content=\"https:\/\/www.makeafuture.ca\/fr\/ressources-pour-les-carrieres\/chercheur-de-salaire\/\" \/>\n<meta property=\"og:site_name\" content=\"海角乱伦社区\" \/>\n<meta property=\"article:publisher\" content=\"https:\/\/www.facebook.com\/MakeAFuture\/\" \/>\n<meta property=\"article:modified_time\" content=\"2021-09-29T05:56:55+00:00\" \/>\n<meta property=\"og:image\" content=\"https:\/\/www.makeafuture.ca\/drive\/uploads\/2024\/10\/CR6_4874-1-scaled.jpg\" \/>\n\t<meta property=\"og:image:width\" content=\"2560\" \/>\n\t<meta property=\"og:image:height\" content=\"1707\" \/>\n\t<meta property=\"og:image:type\" content=\"image\/jpeg\" \/>\n<meta name=\"twitter:card\" content=\"summary_large_image\" \/>\n<meta name=\"twitter:site\" content=\"@makeafuture\" \/>\n<script type=\"application\/ld+json\" class=\"yoast-schema-graph\">{\"@context\":\"https:\/\/schema.org\",\"@graph\":[{\"@type\":\"WebPage\",\"@id\":\"https:\/\/www.makeafuture.ca\/fr\/ressources-pour-les-carrieres\/chercheur-de-salaire\/\",\"url\":\"https:\/\/www.makeafuture.ca\/fr\/ressources-pour-les-carrieres\/chercheur-de-salaire\/\",\"name\":\"\u00c9chelles de salaires par disctrict | 海角乱伦社区\",\"isPartOf\":{\"@id\":\"https:\/\/www.makeafuture.ca\/#website\"},\"datePublished\":\"2015-06-05T19:04:52+00:00\",\"dateModified\":\"2021-09-29T05:56:55+00:00\",\"description\":\"Une carri\u00e8re d'enseignant ou de professionnel de l'\u00e9ducation en Colombie-Britannique vous int\u00e9resse? Visionnez les \u00e9chelles salariales par district.\",\"breadcrumb\":{\"@id\":\"https:\/\/www.makeafuture.ca\/fr\/ressources-pour-les-carrieres\/chercheur-de-salaire\/#breadcrumb\"},\"inLanguage\":\"fr-FR\",\"potentialAction\":[{\"@type\":\"ReadAction\",\"target\":[\"https:\/\/www.makeafuture.ca\/fr\/ressources-pour-les-carrieres\/chercheur-de-salaire\/\"]}]},{\"@type\":\"BreadcrumbList\",\"@id\":\"https:\/\/www.makeafuture.ca\/fr\/ressources-pour-les-carrieres\/chercheur-de-salaire\/#breadcrumb\",\"itemListElement\":[{\"@type\":\"ListItem\",\"position\":1,\"name\":\"Home\",\"item\":\"https:\/\/www.makeafuture.ca\/fr\/\"},{\"@type\":\"ListItem\",\"position\":2,\"name\":\"Ressources\",\"item\":\"https:\/\/www.makeafuture.ca\/fr\/ressources-pour-les-carrieres\/\"},{\"@type\":\"ListItem\",\"position\":3,\"name\":\"\u00c9chelles de salaires par disctrict\"}]},{\"@type\":\"WebSite\",\"@id\":\"https:\/\/www.makeafuture.ca\/#website\",\"url\":\"https:\/\/www.makeafuture.ca\/\",\"name\":\"海角乱伦社区\",\"description\":\"Careers In BC Education\",\"publisher\":{\"@id\":\"https:\/\/www.makeafuture.ca\/#organization\"},\"potentialAction\":[{\"@type\":\"SearchAction\",\"target\":{\"@type\":\"EntryPoint\",\"urlTemplate\":\"https:\/\/www.makeafuture.ca\/?s={search_term_string}\"},\"query-input\":{\"@type\":\"PropertyValueSpecification\",\"valueRequired\":true,\"valueName\":\"search_term_string\"}}],\"inLanguage\":\"fr-FR\"},{\"@type\":\"Organization\",\"@id\":\"https:\/\/www.makeafuture.ca\/#organization\",\"name\":\"海角乱伦社区 - Careers in BC Education\",\"alternateName\":\"MAF\",\"url\":\"https:\/\/www.makeafuture.ca\/\",\"logo\":{\"@type\":\"ImageObject\",\"inLanguage\":\"fr-FR\",\"@id\":\"https:\/\/www.makeafuture.ca\/#\/schema\/logo\/image\/\",\"url\":\"https:\/\/www.makeafuture.ca\/drive\/uploads\/2024\/12\/maf-logo-update-2.svg\",\"contentUrl\":\"https:\/\/www.makeafuture.ca\/drive\/uploads\/2024\/12\/maf-logo-update-2.svg\",\"width\":1,\"height\":1,\"caption\":\"海角乱伦社区 - Careers in BC Education\"},\"image\":{\"@id\":\"https:\/\/www.makeafuture.ca\/#\/schema\/logo\/image\/\"},\"sameAs\":[\"https:\/\/www.facebook.com\/MakeAFuture\/\",\"https:\/\/x.com\/makeafuture\",\"https:\/\/www.linkedin.com\/company\/make-a-future---careers-in-bc-education\",\"https:\/\/www.instagram.com\/makeafuture\/\",\"https:\/\/www.youtube.com\/c\/MakeaFutureCareersinBCEducation\",\"https:\/\/www.tiktok.com\/@makeafuturebc\"]}]}<\/script>\n<!-- \/ Yoast SEO Premium plugin. -->","yoast_head_json":{"title":"\u00c9chelles de salaires par disctrict | 海角乱伦社区","description":"Une carri\u00e8re d'enseignant ou de professionnel de l'\u00e9ducation en Colombie-Britannique vous int\u00e9resse? Visionnez les \u00e9chelles salariales par district.","robots":{"index":"index","follow":"follow","max-snippet":"max-snippet:-1","max-image-preview":"max-image-preview:large","max-video-preview":"max-video-preview:-1"},"canonical":"https:\/\/www.makeafuture.ca\/fr\/ressources-pour-les-carrieres\/chercheur-de-salaire\/","og_locale":"fr_FR","og_type":"article","og_title":"\u00c9chelles de salaires par disctrict","og_description":"Une carri\u00e8re d'enseignant ou de professionnel de l'\u00e9ducation en Colombie-Britannique vous int\u00e9resse? Visionnez les \u00e9chelles salariales par district.","og_url":"https:\/\/www.makeafuture.ca\/fr\/ressources-pour-les-carrieres\/chercheur-de-salaire\/","og_site_name":"海角乱伦社区","article_publisher":"https:\/\/www.facebook.com\/MakeAFuture\/","article_modified_time":"2021-09-29T05:56:55+00:00","og_image":[{"width":2560,"height":1707,"url":"https:\/\/www.makeafuture.ca\/drive\/uploads\/2024\/10\/CR6_4874-1-scaled.jpg","type":"image\/jpeg"}],"twitter_card":"summary_large_image","twitter_site":"@makeafuture","schema":{"@context":"https:\/\/schema.org","@graph":[{"@type":"WebPage","@id":"https:\/\/www.makeafuture.ca\/fr\/ressources-pour-les-carrieres\/chercheur-de-salaire\/","url":"https:\/\/www.makeafuture.ca\/fr\/ressources-pour-les-carrieres\/chercheur-de-salaire\/","name":"\u00c9chelles de salaires par disctrict | 海角乱伦社区","isPartOf":{"@id":"https:\/\/www.makeafuture.ca\/#website"},"datePublished":"2015-06-05T19:04:52+00:00","dateModified":"2021-09-29T05:56:55+00:00","description":"Une carri\u00e8re d'enseignant ou de professionnel de l'\u00e9ducation en Colombie-Britannique vous int\u00e9resse? Visionnez les \u00e9chelles salariales par district.","breadcrumb":{"@id":"https:\/\/www.makeafuture.ca\/fr\/ressources-pour-les-carrieres\/chercheur-de-salaire\/#breadcrumb"},"inLanguage":"fr-FR","potentialAction":[{"@type":"ReadAction","target":["https:\/\/www.makeafuture.ca\/fr\/ressources-pour-les-carrieres\/chercheur-de-salaire\/"]}]},{"@type":"BreadcrumbList","@id":"https:\/\/www.makeafuture.ca\/fr\/ressources-pour-les-carrieres\/chercheur-de-salaire\/#breadcrumb","itemListElement":[{"@type":"ListItem","position":1,"name":"Home","item":"https:\/\/www.makeafuture.ca\/fr\/"},{"@type":"ListItem","position":2,"name":"Ressources","item":"https:\/\/www.makeafuture.ca\/fr\/ressources-pour-les-carrieres\/"},{"@type":"ListItem","position":3,"name":"\u00c9chelles de salaires par disctrict"}]},{"@type":"WebSite","@id":"https:\/\/www.makeafuture.ca\/#website","url":"https:\/\/www.makeafuture.ca\/","name":"海角乱伦社区","description":"Careers In BC Education","publisher":{"@id":"https:\/\/www.makeafuture.ca\/#organization"},"potentialAction":[{"@type":"SearchAction","target":{"@type":"EntryPoint","urlTemplate":"https:\/\/www.makeafuture.ca\/?s={search_term_string}"},"query-input":{"@type":"PropertyValueSpecification","valueRequired":true,"valueName":"search_term_string"}}],"inLanguage":"fr-FR"},{"@type":"Organization","@id":"https:\/\/www.makeafuture.ca\/#organization","name":"海角乱伦社区 - Careers in BC Education","alternateName":"MAF","url":"https:\/\/www.makeafuture.ca\/","logo":{"@type":"ImageObject","inLanguage":"fr-FR","@id":"https:\/\/www.makeafuture.ca\/#\/schema\/logo\/image\/","url":"https:\/\/www.makeafuture.ca\/drive\/uploads\/2024\/12\/maf-logo-update-2.svg","contentUrl":"https:\/\/www.makeafuture.ca\/drive\/uploads\/2024\/12\/maf-logo-update-2.svg","width":1,"height":1,"caption":"海角乱伦社区 - Careers in BC Education"},"image":{"@id":"https:\/\/www.makeafuture.ca\/#\/schema\/logo\/image\/"},"sameAs":["https:\/\/www.facebook.com\/MakeAFuture\/","https:\/\/x.com\/makeafuture","https:\/\/www.linkedin.com\/company\/make-a-future---careers-in-bc-education","https:\/\/www.instagram.com\/makeafuture\/","https:\/\/www.youtube.com\/c\/MakeaFutureCareersinBCEducation","https:\/\/www.tiktok.com\/@makeafuturebc"]}]}},"_links":{"self":[{"href":"https:\/\/www.makeafuture.ca\/fr\/wp-json\/wp\/v2\/pages\/8550","targetHints":{"allow":["GET"]}}],"collection":[{"href":"https:\/\/www.makeafuture.ca\/fr\/wp-json\/wp\/v2\/pages"}],"about":[{"href":"https:\/\/www.makeafuture.ca\/fr\/wp-json\/wp\/v2\/types\/page"}],"author":[{"embeddable":true,"href":"https:\/\/www.makeafuture.ca\/fr\/wp-json\/wp\/v2\/users\/2"}],"replies":[{"embeddable":true,"href":"https:\/\/www.makeafuture.ca\/fr\/wp-json\/wp\/v2\/comments?post=8550"}],"version-history":[{"count":5,"href":"https:\/\/www.makeafuture.ca\/fr\/wp-json\/wp\/v2\/pages\/8550\/revisions"}],"predecessor-version":[{"id":19478,"href":"https:\/\/www.makeafuture.ca\/fr\/wp-json\/wp\/v2\/pages\/8550\/revisions\/19478"}],"up":[{"embeddable":true,"href":"https:\/\/www.makeafuture.ca\/fr\/wp-json\/wp\/v2\/pages\/8378"}],"wp:attachment":[{"href":"https:\/\/www.makeafuture.ca\/fr\/wp-json\/wp\/v2\/media?parent=8550"}],"curies":[{"name":"wp","href":"https:\/\/api.w.org\/{rel}","templated":true}]}}